{"id":585,"date":"2022-09-26T12:30:07","date_gmt":"2022-09-26T10:30:07","guid":{"rendered":"https:\/\/shc-vascloud.com\/impressum\/"},"modified":"2025-11-11T14:31:53","modified_gmt":"2025-11-11T13:31:53","slug":"impressum","status":"publish","type":"page","link":"https:\/\/shc-vascloud.com\/de\/impressum\/","title":{"rendered":"Impressum"},"content":{"rendered":"\t\t<div data-elementor-type=\"wp-page\" data-elementor-id=\"585\" class=\"elementor elementor-585 elementor-10\" data-elementor-post-type=\"page\">\n\t\t\t\t\t\t\t\t\t<section class=\"elementor-section elementor-top-section elementor-element elementor-element-14abfeb elementor-section-full_width elementor-section-height-default elementor-section-height-default\" data-id=\"14abfeb\" data-element_type=\"section\" data-settings=\"{&quot;background_background&quot;:&quot;classic&quot;}\">\n\t\t\t\t\t\t\t<div class=\"elementor-background-overlay\"><\/div>\n\t\t\t\t\t\t\t<div class=\"elementor-container elementor-column-gap-no\">\n\t\t\t\t\t<div class=\"elementor-column elementor-col-100 elementor-top-column elementor-element elementor-element-ca6b2ee\" data-id=\"ca6b2ee\" data-element_type=\"column\" data-settings=\"{&quot;background_background&quot;:&quot;classic&quot;}\">\n\t\t\t<div class=\"elementor-widget-wrap elementor-element-populated\">\n\t\t\t\t\t<div class=\"elementor-background-overlay\"><\/div>\n\t\t\t\t\t\t\t\t<section class=\"elementor-section elementor-inner-section elementor-element elementor-element-d80d100 elementor-section-boxed elementor-section-height-default elementor-section-height-default\" data-id=\"d80d100\" data-element_type=\"section\">\n\t\t\t\t\t\t<div class=\"elementor-container elementor-column-gap-default\">\n\t\t\t\t\t<div class=\"elementor-column elementor-col-50 elementor-inner-column elementor-element elementor-element-c096efa\" data-id=\"c096efa\" data-element_type=\"column\">\n\t\t\t<div class=\"elementor-widget-wrap elementor-element-populated\">\n\t\t\t\t\t\t\t\t<div class=\"elementor-element elementor-element-1a4dac0 elementor-widget elementor-widget-heading\" data-id=\"1a4dac0\" data-element_type=\"widget\" data-widget_type=\"heading.default\">\n\t\t\t\t<div class=\"elementor-widget-container\">\n\t\t\t<style>\/*! elementor - v3.18.0 - 08-12-2023 *\/\n.elementor-heading-title{padding:0;margin:0;line-height:1}.elementor-widget-heading .elementor-heading-title[class*=elementor-size-]>a{color:inherit;font-size:inherit;line-height:inherit}.elementor-widget-heading .elementor-heading-title.elementor-size-small{font-size:15px}.elementor-widget-heading .elementor-heading-title.elementor-size-medium{font-size:19px}.elementor-widget-heading .elementor-heading-title.elementor-size-large{font-size:29px}.elementor-widget-heading .elementor-heading-title.elementor-size-xl{font-size:39px}.elementor-widget-heading .elementor-heading-title.elementor-size-xxl{font-size:59px}<\/style><h1 class=\"elementor-heading-title elementor-size-default\">Impressum<\/h1>\t\t<\/div>\n\t\t\t\t<\/div>\n\t\t\t\t<div class=\"elementor-element elementor-element-dc99ae0 elementor-widget elementor-widget-heading\" data-id=\"dc99ae0\" data-element_type=\"widget\" data-widget_type=\"heading.default\">\n\t\t\t\t<div class=\"elementor-widget-container\">\n\t\t\t<p class=\"elementor-heading-title elementor-size-default\">Die SHC Group<\/p>\t\t<\/div>\n\t\t\t\t<\/div>\n\t\t\t\t<div class=\"elementor-element elementor-element-800f5e8 elementor-widget elementor-widget-text-editor\" data-id=\"800f5e8\" data-element_type=\"widget\" data-widget_type=\"text-editor.default\">\n\t\t\t\t<div class=\"elementor-widget-container\">\n\t\t\t<style>\/*! elementor - v3.18.0 - 08-12-2023 *\/\n.elementor-widget-text-editor.elementor-drop-cap-view-stacked .elementor-drop-cap{background-color:#69727d;color:#fff}.elementor-widget-text-editor.elementor-drop-cap-view-framed .elementor-drop-cap{color:#69727d;border:3px solid;background-color:transparent}.elementor-widget-text-editor:not(.elementor-drop-cap-view-default) .elementor-drop-cap{margin-top:8px}.elementor-widget-text-editor:not(.elementor-drop-cap-view-default) .elementor-drop-cap-letter{width:1em;height:1em}.elementor-widget-text-editor .elementor-drop-cap{float:left;text-align:center;line-height:1;font-size:50px}.elementor-widget-text-editor .elementor-drop-cap-letter{display:inline-block}<\/style>\t\t\t\t<p>Wir bringen Themen zum Erfolg und bringen Business mit.<\/p>\n\t\t\t\t\t\t<\/div>\n\t\t\t\t<\/div>\n\t\t\t\t\t<\/div>\n\t\t<\/div>\n\t\t\t\t<div class=\"elementor-column elementor-col-50 elementor-inner-column elementor-element elementor-element-05bb70b\" data-id=\"05bb70b\" data-element_type=\"column\" data-settings=\"{&quot;background_background&quot;:&quot;classic&quot;}\">\n\t\t\t<div class=\"elementor-widget-wrap\">\n\t\t\t\t\t\t\t\t\t<\/div>\n\t\t<\/div>\n\t\t\t\t\t\t\t<\/div>\n\t\t<\/section>\n\t\t\t\t\t<\/div>\n\t\t<\/div>\n\t\t\t\t\t\t\t<\/div>\n\t\t<\/section>\n\t\t\t\t<section class=\"elementor-section elementor-top-section elementor-element elementor-element-7f4a3bf elementor-section-full_width elementor-section-height-default elementor-section-height-default\" data-id=\"7f4a3bf\" data-element_type=\"section\">\n\t\t\t\t\t\t\t<div class=\"elementor-background-overlay\"><\/div>\n\t\t\t\t\t\t\t<div class=\"elementor-container elementor-column-gap-no\">\n\t\t\t\t\t<div class=\"elementor-column elementor-col-100 elementor-top-column elementor-element elementor-element-38ff7ed\" data-id=\"38ff7ed\" data-element_type=\"column\">\n\t\t\t<div class=\"elementor-widget-wrap elementor-element-populated\">\n\t\t\t\t\t\t\t\t<section class=\"elementor-section elementor-inner-section elementor-element elementor-element-977c8f4 elementor-section-boxed elementor-section-height-default elementor-section-height-default\" data-id=\"977c8f4\" data-element_type=\"section\">\n\t\t\t\t\t\t<div class=\"elementor-container elementor-column-gap-default\">\n\t\t\t\t\t<div class=\"elementor-column elementor-col-100 elementor-inner-column elementor-element elementor-element-a0e17bc\" data-id=\"a0e17bc\" data-element_type=\"column\" data-settings=\"{&quot;background_background&quot;:&quot;classic&quot;}\">\n\t\t\t<div class=\"elementor-widget-wrap elementor-element-populated\">\n\t\t\t\t\t\t\t\t<div class=\"elementor-element elementor-element-2afa6e5 elementor-widget elementor-widget-heading\" data-id=\"2afa6e5\" data-element_type=\"widget\" data-widget_type=\"heading.default\">\n\t\t\t\t<div class=\"elementor-widget-container\">\n\t\t\t<h1 class=\"elementor-heading-title elementor-size-default\">Rechtliche Hinweise<\/h1>\t\t<\/div>\n\t\t\t\t<\/div>\n\t\t\t\t\t<\/div>\n\t\t<\/div>\n\t\t\t\t\t\t\t<\/div>\n\t\t<\/section>\n\t\t\t\t<section class=\"elementor-section elementor-inner-section elementor-element elementor-element-c028439 elementor-section-boxed elementor-section-height-default elementor-section-height-default\" data-id=\"c028439\" data-element_type=\"section\" data-settings=\"{&quot;background_background&quot;:&quot;classic&quot;}\">\n\t\t\t\t\t\t<div class=\"elementor-container elementor-column-gap-default\">\n\t\t\t\t\t<div class=\"elementor-column elementor-col-50 elementor-inner-column elementor-element elementor-element-83ec045\" data-id=\"83ec045\" data-element_type=\"column\" data-settings=\"{&quot;background_background&quot;:&quot;classic&quot;}\">\n\t\t\t<div class=\"elementor-widget-wrap elementor-element-populated\">\n\t\t\t\t\t\t\t\t<div class=\"elementor-element elementor-element-0148604 elementor-widget elementor-widget-text-editor\" data-id=\"0148604\" data-element_type=\"widget\" data-widget_type=\"text-editor.default\">\n\t\t\t\t<div class=\"elementor-widget-container\">\n\t\t\t\t\t\t\t<p><strong>SHC Stolle &amp; Heinz Consulants GmbH<\/strong><\/p><p><strong>Adresse<\/strong><br \/>Karl-Drais-Stra\u00dfe 4A<br \/>86159 Augsburg<\/p><p><strong>Kontakt<\/strong><br \/>Telefon: 089 \/ 99300 414<br \/>E-Mail: info@shc-vascloud.com<\/p><p><strong>Managing Director<\/strong><br \/>Robert Heinz<\/p><p><strong>Rechtsform<\/strong><br \/>GmbH<\/p><p>Ust-ID nach \u00a727a Umsatzsteuergesetz:<br \/>DE 254 836 338<\/p>\t\t\t\t\t\t<\/div>\n\t\t\t\t<\/div>\n\t\t\t\t\t<\/div>\n\t\t<\/div>\n\t\t\t\t<div class=\"elementor-column elementor-col-50 elementor-inner-column elementor-element elementor-element-68d8fed\" data-id=\"68d8fed\" data-element_type=\"column\" data-settings=\"{&quot;background_background&quot;:&quot;classic&quot;}\">\n\t\t\t<div class=\"elementor-widget-wrap elementor-element-populated\">\n\t\t\t\t\t\t\t\t<div class=\"elementor-element elementor-element-375a38a elementor-widget elementor-widget-text-editor\" data-id=\"375a38a\" data-element_type=\"widget\" data-widget_type=\"text-editor.default\">\n\t\t\t\t<div class=\"elementor-widget-container\">\n\t\t\t\t\t\t\t<p><strong>Entwurf und Umsetzung<\/strong><\/p>\n<p>Websmart GmbH &amp; Co.KG<br \/><a href=\"http:\/\/www.websmart.de\" target=\"_blank\" rel=\"noopener\">www.websmart.de<\/a><\/p>\n<p><strong>Haftungshinweis<\/strong><\/p>\n<p>Trotz sorgf\u00e4ltiger inhaltlicher Kontrolle \u00fcbernehmen wir keine Haftung f\u00fcr die Inhalte externer Links. F\u00fcr den Inhalt externer Seiten sind ausschlie\u00dflich deren Betreiber verantwortlich.<\/p>\n<p><strong>Streitfragen<\/strong><\/p>\n<p>Hier haben Sie als Verbraucher die M\u00f6glichkeit, sich im Falle von Streitigkeiten mit uns an eine Schlichtungsstelle zu wenden: h<a href=\"https:\/\/ec.europa.eu\/consumers\/odr\/\" target=\"_blank\" rel=\"noopener\">ttps:\/\/ec.europa.eu\/consumers\/odr\/<\/a>. Wie nehmen an einem Streitbeilegungsverfahren vor einer Verbraucherschlichtungsstelle teil Zust\u00e4ndig ist die Universalschlichtungsstelle des Zentrum f\u00fcr Schlichtung e.V., Stra\u00dfburger Stra\u00dfe 8, 77694 Kehl am Rhein, Germany (<a href=\"https:\/\/www.verbraucher-schlichter.de\" target=\"_blank\" rel=\"noopener\">https:\/\/www.verbraucher-schlichter.de<\/a>).<\/p>\n\t\t\t\t\t\t<\/div>\n\t\t\t\t<\/div>\n\t\t\t\t\t<\/div>\n\t\t<\/div>\n\t\t\t\t\t\t\t<\/div>\n\t\t<\/section>\n\t\t\t\t<section class=\"elementor-section elementor-inner-section elementor-element elementor-element-9568893 elementor-section-boxed elementor-section-height-default elementor-section-height-default\" data-id=\"9568893\" data-element_type=\"section\">\n\t\t\t\t\t\t<div class=\"elementor-container elementor-column-gap-default\">\n\t\t\t\t\t<div class=\"elementor-column elementor-col-100 elementor-inner-column elementor-element elementor-element-89a653a\" data-id=\"89a653a\" data-element_type=\"column\">\n\t\t\t<div class=\"elementor-widget-wrap elementor-element-populated\">\n\t\t\t\t\t\t\t\t<div class=\"elementor-element elementor-element-3b60c3b elementor-widget elementor-widget-html\" data-id=\"3b60c3b\" data-element_type=\"widget\" data-widget_type=\"html.default\">\n\t\t\t\t<div class=\"elementor-widget-container\">\n\t\t\t<script src=\"https:\/\/websitecheck.sutter.ruhr\/assets\/js\/apiv2.min.js\" data-noblock><\/script><script data-noblock>document.addEventListener(\"DOMContentLoaded\", function(event) {\n            dsapi.Init({\n                \"debug\":true,\n                \"webserver\":\"https:\/\/websitecheck.sutter.ruhr\",\n                \"nr\":\"B00009303\",\n                \"div\": [\n                    {\n                        \"id\":\"divLegalImages\",\n                        \"template\":\"Bildnachweis\",\n                    },\n\n\n                ]\n            });\n        }\n    );\n<\/script>\t\t<\/div>\n\t\t\t\t<\/div>\n\t\t\t\t\t<\/div>\n\t\t<\/div>\n\t\t\t\t\t\t\t<\/div>\n\t\t<\/section>\n\t\t\t\t<section class=\"elementor-section elementor-inner-section elementor-element elementor-element-6210df5 elementor-section-boxed elementor-section-height-default elementor-section-height-default\" data-id=\"6210df5\" data-element_type=\"section\">\n\t\t\t\t\t\t<div class=\"elementor-container elementor-column-gap-default\">\n\t\t\t\t\t<div class=\"elementor-column elementor-col-100 elementor-inner-column elementor-element elementor-element-0110df0\" data-id=\"0110df0\" data-element_type=\"column\">\n\t\t\t<div class=\"elementor-widget-wrap elementor-element-populated\">\n\t\t\t\t\t\t\t\t<div class=\"elementor-element elementor-element-3f9141c elementor-widget elementor-widget-html\" data-id=\"3f9141c\" data-element_type=\"widget\" data-widget_type=\"html.default\">\n\t\t\t\t<div class=\"elementor-widget-container\">\n\t\t\t<div id=\"divLegalImages\"><\/div>\t\t<\/div>\n\t\t\t\t<\/div>\n\t\t\t\t\t<\/div>\n\t\t<\/div>\n\t\t\t\t\t\t\t<\/div>\n\t\t<\/section>\n\t\t\t\t\t<\/div>\n\t\t<\/div>\n\t\t\t\t\t\t\t<\/div>\n\t\t<\/section>\n\t\t\t\t\t\t\t<\/div>\n\t\t","protected":false},"excerpt":{"rendered":"<p>Die SHC Group Wir bringen Themen zum Erfolg und bringen Business mit. Rechtliche Hinweise SHC Stolle &amp; Heinz Consulants GmbH AdresseKarl-Drais-Stra\u00dfe 4A86159 Augsburg KontaktTelefon: 089 \/ 99300 414E-Mail: info@shc-vascloud.com Managing DirectorRobert Heinz RechtsformGmbH Ust-ID nach \u00a727a Umsatzsteuergesetz:DE 254 836 338 Entwurf und Umsetzung Websmart GmbH &amp; Co.KGwww.websmart.de Haftungshinweis Trotz sorgf\u00e4ltiger inhaltlicher Kontrolle \u00fcbernehmen wir keine [&hellip;]<\/p>\n","protected":false},"author":1,"featured_media":0,"parent":0,"menu_order":0,"comment_status":"closed","ping_status":"closed","template":"","meta":{"footnotes":""},"class_list":["post-585","page","type-page","status-publish","hentry"],"yoast_head":"<!-- This site is optimized with the Yoast SEO plugin v20.6 - https:\/\/yoast.com\/wordpress\/plugins\/seo\/ -->\n<title>Impressum - The SHC VAS Cloud<\/title>\n<meta name=\"description\" content=\"Unser Impressum. Hier finden Sie alle Einzelheiten zu unserer Unternehmenskultur. Z\u00f6gern Sie nicht, uns zu kontaktieren Per E-Mail oder fordern Sie einen R\u00fcckruf an.\" \/>\n<meta name=\"robots\" content=\"index, follow, max-snippet:-1, max-image-preview:large, max-video-preview:-1\" \/>\n<link rel=\"canonical\" href=\"https:\/\/shc-vascloud.com\/de\/impressum\/\" \/>\n<meta property=\"og:locale\" content=\"de_DE\" \/>\n<meta property=\"og:type\" content=\"article\" \/>\n<meta property=\"og:title\" content=\"Impressum - The SHC VAS Cloud\" \/>\n<meta property=\"og:description\" content=\"Unser Impressum. Hier finden Sie alle Einzelheiten zu unserer Unternehmenskultur. Z\u00f6gern Sie nicht, uns zu kontaktieren Per E-Mail oder fordern Sie einen R\u00fcckruf an.\" \/>\n<meta property=\"og:url\" content=\"https:\/\/shc-vascloud.com\/de\/impressum\/\" \/>\n<meta property=\"og:site_name\" content=\"The SHC VAS Cloud\" \/>\n<meta property=\"article:modified_time\" content=\"2025-11-11T13:31:53+00:00\" \/>\n<meta name=\"twitter:card\" content=\"summary_large_image\" \/>\n<meta name=\"twitter:label1\" content=\"Gesch\u00e4tzte Lesezeit\" \/>\n\t<meta name=\"twitter:data1\" content=\"1 Minute\" \/>\n<script type=\"application\/ld+json\" class=\"yoast-schema-graph\">{\"@context\":\"https:\/\/schema.org\",\"@graph\":[{\"@type\":\"WebPage\",\"@id\":\"https:\/\/shc-vascloud.com\/de\/impressum\/\",\"url\":\"https:\/\/shc-vascloud.com\/de\/impressum\/\",\"name\":\"Impressum - The SHC VAS Cloud\",\"isPartOf\":{\"@id\":\"https:\/\/shc-vascloud.com\/de\/#website\"},\"datePublished\":\"2022-09-26T10:30:07+00:00\",\"dateModified\":\"2025-11-11T13:31:53+00:00\",\"description\":\"Unser Impressum. Hier finden Sie alle Einzelheiten zu unserer Unternehmenskultur. Z\u00f6gern Sie nicht, uns zu kontaktieren Per E-Mail oder fordern Sie einen R\u00fcckruf an.\",\"breadcrumb\":{\"@id\":\"https:\/\/shc-vascloud.com\/de\/impressum\/#breadcrumb\"},\"inLanguage\":\"de-DE\",\"potentialAction\":[{\"@type\":\"ReadAction\",\"target\":[\"https:\/\/shc-vascloud.com\/de\/impressum\/\"]}]},{\"@type\":\"BreadcrumbList\",\"@id\":\"https:\/\/shc-vascloud.com\/de\/impressum\/#breadcrumb\",\"itemListElement\":[{\"@type\":\"ListItem\",\"position\":1,\"name\":\"Home\",\"item\":\"https:\/\/shc-vascloud.com\/de\/\"},{\"@type\":\"ListItem\",\"position\":2,\"name\":\"Impressum\"}]},{\"@type\":\"WebSite\",\"@id\":\"https:\/\/shc-vascloud.com\/de\/#website\",\"url\":\"https:\/\/shc-vascloud.com\/de\/\",\"name\":\"The SHC VAS Cloud\",\"description\":\"Your fast track to POS Market\",\"publisher\":{\"@id\":\"https:\/\/shc-vascloud.com\/de\/#organization\"},\"potentialAction\":[{\"@type\":\"SearchAction\",\"target\":{\"@type\":\"EntryPoint\",\"urlTemplate\":\"https:\/\/shc-vascloud.com\/de\/?s={search_term_string}\"},\"query-input\":\"required name=search_term_string\"}],\"inLanguage\":\"de-DE\"},{\"@type\":\"Organization\",\"@id\":\"https:\/\/shc-vascloud.com\/de\/#organization\",\"name\":\"VAS Cloud\",\"url\":\"https:\/\/shc-vascloud.com\/de\/\",\"logo\":{\"@type\":\"ImageObject\",\"inLanguage\":\"de-DE\",\"@id\":\"https:\/\/shc-vascloud.com\/de\/#\/schema\/logo\/image\/\",\"url\":\"https:\/\/shc-vascloud.com\/wp-content\/uploads\/2022\/09\/vascloud-logo-bitmap-rgb-transp-png.png\",\"contentUrl\":\"https:\/\/shc-vascloud.com\/wp-content\/uploads\/2022\/09\/vascloud-logo-bitmap-rgb-transp-png.png\",\"width\":3543,\"height\":1220,\"caption\":\"VAS Cloud\"},\"image\":{\"@id\":\"https:\/\/shc-vascloud.com\/de\/#\/schema\/logo\/image\/\"}}]}<\/script>\n<!-- \/ Yoast SEO plugin. -->","yoast_head_json":{"title":"Impressum - The SHC VAS Cloud","description":"Unser Impressum. Hier finden Sie alle Einzelheiten zu unserer Unternehmenskultur. Z\u00f6gern Sie nicht, uns zu kontaktieren Per E-Mail oder fordern Sie einen R\u00fcckruf an.","robots":{"index":"index","follow":"follow","max-snippet":"max-snippet:-1","max-image-preview":"max-image-preview:large","max-video-preview":"max-video-preview:-1"},"canonical":"https:\/\/shc-vascloud.com\/de\/impressum\/","og_locale":"de_DE","og_type":"article","og_title":"Impressum - The SHC VAS Cloud","og_description":"Unser Impressum. Hier finden Sie alle Einzelheiten zu unserer Unternehmenskultur. Z\u00f6gern Sie nicht, uns zu kontaktieren Per E-Mail oder fordern Sie einen R\u00fcckruf an.","og_url":"https:\/\/shc-vascloud.com\/de\/impressum\/","og_site_name":"The SHC VAS Cloud","article_modified_time":"2025-11-11T13:31:53+00:00","twitter_card":"summary_large_image","twitter_misc":{"Gesch\u00e4tzte Lesezeit":"1 Minute"},"schema":{"@context":"https:\/\/schema.org","@graph":[{"@type":"WebPage","@id":"https:\/\/shc-vascloud.com\/de\/impressum\/","url":"https:\/\/shc-vascloud.com\/de\/impressum\/","name":"Impressum - The SHC VAS Cloud","isPartOf":{"@id":"https:\/\/shc-vascloud.com\/de\/#website"},"datePublished":"2022-09-26T10:30:07+00:00","dateModified":"2025-11-11T13:31:53+00:00","description":"Unser Impressum. Hier finden Sie alle Einzelheiten zu unserer Unternehmenskultur. Z\u00f6gern Sie nicht, uns zu kontaktieren Per E-Mail oder fordern Sie einen R\u00fcckruf an.","breadcrumb":{"@id":"https:\/\/shc-vascloud.com\/de\/impressum\/#breadcrumb"},"inLanguage":"de-DE","potentialAction":[{"@type":"ReadAction","target":["https:\/\/shc-vascloud.com\/de\/impressum\/"]}]},{"@type":"BreadcrumbList","@id":"https:\/\/shc-vascloud.com\/de\/impressum\/#breadcrumb","itemListElement":[{"@type":"ListItem","position":1,"name":"Home","item":"https:\/\/shc-vascloud.com\/de\/"},{"@type":"ListItem","position":2,"name":"Impressum"}]},{"@type":"WebSite","@id":"https:\/\/shc-vascloud.com\/de\/#website","url":"https:\/\/shc-vascloud.com\/de\/","name":"The SHC VAS Cloud","description":"Your fast track to POS Market","publisher":{"@id":"https:\/\/shc-vascloud.com\/de\/#organization"},"potentialAction":[{"@type":"SearchAction","target":{"@type":"EntryPoint","urlTemplate":"https:\/\/shc-vascloud.com\/de\/?s={search_term_string}"},"query-input":"required name=search_term_string"}],"inLanguage":"de-DE"},{"@type":"Organization","@id":"https:\/\/shc-vascloud.com\/de\/#organization","name":"VAS Cloud","url":"https:\/\/shc-vascloud.com\/de\/","logo":{"@type":"ImageObject","inLanguage":"de-DE","@id":"https:\/\/shc-vascloud.com\/de\/#\/schema\/logo\/image\/","url":"https:\/\/shc-vascloud.com\/wp-content\/uploads\/2022\/09\/vascloud-logo-bitmap-rgb-transp-png.png","contentUrl":"https:\/\/shc-vascloud.com\/wp-content\/uploads\/2022\/09\/vascloud-logo-bitmap-rgb-transp-png.png","width":3543,"height":1220,"caption":"VAS Cloud"},"image":{"@id":"https:\/\/shc-vascloud.com\/de\/#\/schema\/logo\/image\/"}}]}},"_links":{"self":[{"href":"https:\/\/shc-vascloud.com\/de\/wp-json\/wp\/v2\/pages\/585","targetHints":{"allow":["GET"]}}],"collection":[{"href":"https:\/\/shc-vascloud.com\/de\/wp-json\/wp\/v2\/pages"}],"about":[{"href":"https:\/\/shc-vascloud.com\/de\/wp-json\/wp\/v2\/types\/page"}],"author":[{"embeddable":true,"href":"https:\/\/shc-vascloud.com\/de\/wp-json\/wp\/v2\/users\/1"}],"replies":[{"embeddable":true,"href":"https:\/\/shc-vascloud.com\/de\/wp-json\/wp\/v2\/comments?post=585"}],"version-history":[{"count":0,"href":"https:\/\/shc-vascloud.com\/de\/wp-json\/wp\/v2\/pages\/585\/revisions"}],"wp:attachment":[{"href":"https:\/\/shc-vascloud.com\/de\/wp-json\/wp\/v2\/media?parent=585"}],"curies":[{"name":"wp","href":"https:\/\/api.w.org\/{rel}","templated":true}]}}